{"id":96,"date":"2023-09-24T22:38:41","date_gmt":"2023-09-24T20:38:41","guid":{"rendered":"https:\/\/swiatewy.pl\/?page_id=96"},"modified":"2023-09-24T22:38:41","modified_gmt":"2023-09-24T20:38:41","slug":"akupunktura-bez-igiel","status":"publish","type":"page","link":"https:\/\/swiatewy.com\/index.php\/akupunktura-bez-igiel\/","title":{"rendered":"Akupunktura bez igie\u0142"},"content":{"rendered":"\n<p>Akupunktura, elektroakupunktura, elektropunktura, akupresura, laseropunktura czy moksa to odmiany tej samej terapii. R\u00f3\u017cni\u0105 si\u0119 tylko technik\u0105 stymulacji czyli sposobem&nbsp; dzia\u0142ania na punkty akupunktury.<\/p>\n\n\n\n<p>Stymulacja punkt\u00f3w akupunkturowych powoduje wytwarzanie przez organizm znacznie wi\u0119kszej ilo\u015bci tzw. neurohormon\u00f3w, czyli hormon\u00f3w wytwarzanych przez kom\u00f3rki nerwowe.<\/p>\n\n\n\n<p>Polecam zabiegi elektropunktury. S\u0105 one niedrogie i r\u00f3wnie skuteczne, co inne metody.<\/p>\n\n\n\n<p>Zabiegi wykonuj\u0119 aparatem, kt\u00f3ry nie tylko stymuluje i lokalizuje punkty akupunktury, ale te\u017c podczas zabiegu automatycznie testuje i w spos\u00f3b kontrolowany reguluje stany energetyczne, co znacznie przyspiesza uzyskanie efekt\u00f3w terapeutycznych.<\/p>\n\n\n\n<p>Szczeg\u00f3lnie polecam:<\/p>\n\n\n\n<ul class=\"wp-block-list\">\n<li>&nbsp;zabiegi przeciwb\u00f3lowe (np. b\u00f3le plec\u00f3w, kolan, barku, g\u0142owy, \u0142okcia, nadgarstka, stopy)<\/li>\n\n\n\n<li>masa\u017c specjaln\u0105 elektrod\u0105 napi\u0119tych mi\u0119\u015bni, zmarszczek, blizn, ran, st\u0142ucze\u0144,oparze\u0144<\/li>\n\n\n\n<li>i opryszczki<\/li>\n\n\n\n<li>zabiegi wzmacniaj\u0105ce system immunologiczny<\/li>\n\n\n\n<li>zabiegi przeciwzapalne<\/li>\n\n\n\n<li>walk\u0119 z na\u0142ogami<\/li>\n\n\n\n<li>walk\u0119 z nadwag\u0105&nbsp; (poprawa metabolizmu, niknie ch\u0119\u0107 na s\u0142odycze, zanika odczucie nag\u0142ych napad\u00f3w g\u0142odu)<\/li>\n<\/ul>\n\n\n\n<p>Oraz terapi\u0119 wielu innych schorze\u0144 i dolegliwo\u015bci!<br><a href=\"https:\/\/swiatewy.pl\/index.php\/oferta\/\" data-type=\"page\" data-id=\"52\">Powr\u00f3t do oferty<\/a>.<\/p>\n","protected":false},"excerpt":{"rendered":"<p>Akupunktura, elektroakupunktura, elektropunktura, akupresura, laseropunktura czy moksa to odmiany tej samej terapii. R\u00f3\u017cni\u0105 si\u0119 tylko technik\u0105 stymulacji czyli sposobem&nbsp; dzia\u0142ania na punkty akupunktury. Stymulacja punkt\u00f3w akupunkturowych powoduje wytwarzanie przez organizm znacznie wi\u0119kszej ilo\u015bci tzw. neurohormon\u00f3w, czyli hormon\u00f3w wytwarzanych przez kom\u00f3rki nerwowe. Polecam zabiegi elektropunktury. S\u0105 one niedrogie i r\u00f3wnie skuteczne, co inne metody. Zabiegi wykonuj\u0119 [&hellip;]<\/p>\n","protected":false},"author":1,"featured_media":0,"parent":0,"menu_order":0,"comment_status":"closed","ping_status":"closed","template":"","meta":{"footnotes":""},"class_list":["post-96","page","type-page","status-publish","hentry"],"_links":{"self":[{"href":"https:\/\/swiatewy.com\/index.php\/wp-json\/wp\/v2\/pages\/96","targetHints":{"allow":["GET"]}}],"collection":[{"href":"https:\/\/swiatewy.com\/index.php\/wp-json\/wp\/v2\/pages"}],"about":[{"href":"https:\/\/swiatewy.com\/index.php\/wp-json\/wp\/v2\/types\/page"}],"author":[{"embeddable":true,"href":"https:\/\/swiatewy.com\/index.php\/wp-json\/wp\/v2\/users\/1"}],"replies":[{"embeddable":true,"href":"https:\/\/swiatewy.com\/index.php\/wp-json\/wp\/v2\/comments?post=96"}],"version-history":[{"count":1,"href":"https:\/\/swiatewy.com\/index.php\/wp-json\/wp\/v2\/pages\/96\/revisions"}],"predecessor-version":[{"id":97,"href":"https:\/\/swiatewy.com\/index.php\/wp-json\/wp\/v2\/pages\/96\/revisions\/97"}],"wp:attachment":[{"href":"https:\/\/swiatewy.com\/index.php\/wp-json\/wp\/v2\/media?parent=96"}],"curies":[{"name":"wp","href":"https:\/\/api.w.org\/{rel}","templated":true}]}}