{"id":82,"date":"2023-09-24T22:29:50","date_gmt":"2023-09-24T20:29:50","guid":{"rendered":"https:\/\/swiatewy.pl\/?page_id=82"},"modified":"2023-09-24T22:29:50","modified_gmt":"2023-09-24T20:29:50","slug":"masaz-odchudzajacy-ujedrniajacy-banka-chinska","status":"publish","type":"page","link":"https:\/\/swiatewy.com\/index.php\/masaz-odchudzajacy-ujedrniajacy-banka-chinska\/","title":{"rendered":"Masa\u017c odchudzaj\u0105cy \/ uj\u0119drniaj\u0105cy ba\u0144k\u0105 chi\u0144sk\u0105"},"content":{"rendered":"\n<p>Jest to intensywny masa\u017c o charakterze pobudzaj\u0105cym. Najcz\u0119\u015bciej obejmuje brzuch, uda i po\u015bladki.<br>Nieoceniona jest r\u00f3wnie\u017c moc baniek podczas takiego masa\u017cu. Masa\u017c ba\u0144k\u0105 chi\u0144sk\u0105 stosuje si\u0119 jako element kuracji antycellulitowej lub drena\u017c limfatyczny. Przyspiesza on kr\u0105\u017cenie krwi i p\u0142yn\u00f3w ustrojowych, co pomaga pozby\u0107 si\u0119 toksyn z organizmu, kt\u00f3re to s\u0105 r\u00f3wnie\u017c przyczyn\u0105 cellulitu. Przy okazji wp\u0142ywa na regulacj\u0119 przemiany materii, co z kolei jest przydatne w redukcji tkanki t\u0142uszczowej. Dodatkowo wspaniale relaksuje.<\/p>\n\n\n\n<p>Nie nale\u017cy poddawa\u0107 si\u0119 takiemu masa\u017cowi, kiedy cierpisz na zaburzenia krzepliwo\u015bci krwi, gdy przytrafi\u0142y ci si\u0119 wylewy podsk\u00f3rne i obrz\u0119ki spowodowane jakim\u015b urazem. Menstruacja to tak\u017ce pow\u00f3d do zaniechania masa\u017cu ba\u0144k\u0105.<br>Bardzo dobre efekty przynosi masa\u017c odpowiednio dobranymi olejkami eterycznymi. Olejki w po\u0142\u0105czeniu z masa\u017cem przynosz\u0105 ulg\u0119, zmniejszaj\u0105 napi\u0119cie w stresach. Wiele olejk\u00f3w to \u015brodki przeciwbakteryjne, skuteczne w leczeniu zar\u00f3wno schorze\u0144 wewn\u0119trznych, jak i zewn\u0119trznych (sk\u00f3rnych). Pomagaj\u0105 w walce z cellulitem, poprawiaj\u0105 kondycj\u0119 sk\u00f3ry z rozst\u0119pami. Olejki w po\u0142\u0105czeniu z masa\u017cem pobudzaj\u0105 kr\u0105\u017cenie krwi. Olejki stosowane do masa\u017cu pomagaj\u0105 w regeneracji kom\u00f3rek sk\u00f3ry \u2013 usuwaj\u0105 stare, nadaj\u0105 sk\u00f3rze g\u0142adko\u015b\u0107.<\/p>\n\n\n\n<p><strong>Pierwsze efekty s\u0105 widoczne po 10 zabiegach.<\/strong><\/p>\n","protected":false},"excerpt":{"rendered":"<p>Jest to intensywny masa\u017c o charakterze pobudzaj\u0105cym. Najcz\u0119\u015bciej obejmuje brzuch, uda i po\u015bladki.Nieoceniona jest r\u00f3wnie\u017c moc baniek podczas takiego masa\u017cu. Masa\u017c ba\u0144k\u0105 chi\u0144sk\u0105 stosuje si\u0119 jako element kuracji antycellulitowej lub drena\u017c limfatyczny. Przyspiesza on kr\u0105\u017cenie krwi i p\u0142yn\u00f3w ustrojowych, co pomaga pozby\u0107 si\u0119 toksyn z organizmu, kt\u00f3re to s\u0105 r\u00f3wnie\u017c przyczyn\u0105 cellulitu. Przy okazji wp\u0142ywa [&hellip;]<\/p>\n","protected":false},"author":1,"featured_media":0,"parent":0,"menu_order":0,"comment_status":"closed","ping_status":"closed","template":"","meta":{"footnotes":""},"class_list":["post-82","page","type-page","status-publish","hentry"],"_links":{"self":[{"href":"https:\/\/swiatewy.com\/index.php\/wp-json\/wp\/v2\/pages\/82","targetHints":{"allow":["GET"]}}],"collection":[{"href":"https:\/\/swiatewy.com\/index.php\/wp-json\/wp\/v2\/pages"}],"about":[{"href":"https:\/\/swiatewy.com\/index.php\/wp-json\/wp\/v2\/types\/page"}],"author":[{"embeddable":true,"href":"https:\/\/swiatewy.com\/index.php\/wp-json\/wp\/v2\/users\/1"}],"replies":[{"embeddable":true,"href":"https:\/\/swiatewy.com\/index.php\/wp-json\/wp\/v2\/comments?post=82"}],"version-history":[{"count":1,"href":"https:\/\/swiatewy.com\/index.php\/wp-json\/wp\/v2\/pages\/82\/revisions"}],"predecessor-version":[{"id":83,"href":"https:\/\/swiatewy.com\/index.php\/wp-json\/wp\/v2\/pages\/82\/revisions\/83"}],"wp:attachment":[{"href":"https:\/\/swiatewy.com\/index.php\/wp-json\/wp\/v2\/media?parent=82"}],"curies":[{"name":"wp","href":"https:\/\/api.w.org\/{rel}","templated":true}]}}